{"id":366,"date":"2017-03-06T13:26:42","date_gmt":"2017-03-06T13:26:42","guid":{"rendered":"http:\/\/raforninn.is\/?page_id=366\/"},"modified":"2019-06-27T10:56:45","modified_gmt":"2019-06-27T10:56:45","slug":"about-raforninn","status":"publish","type":"page","link":"https:\/\/raforninn.is\/en\/about-raforninn\/","title":{"rendered":"About Raf\u00f6rninn"},"content":{"rendered":"<div class=\"wpb-content-wrapper\">[vc_row][vc_column][vc_single_image image=&#8221;350&#8243; img_size=&#8221;800&#215;250&#8243;][vc_column_text css=&#8221;.vc_custom_1561633003770{margin-bottom: 0px !important;}&#8221;]<span style=\"font-weight: 400;\">Raf\u00f6rninn was founded in 1984 and has from the beginning aimed at providing excellent technical field service and consultancy. Our key customers have been in the healthcare sector, both state and independent. Raf\u00f6rninn has played a leading role in design and installation of the majority of medical imaging departments in Iceland.<\/span><\/p>\n<p><span style=\"font-weight: 400;\">Quality assurance and quality control have been the focus of the company from the beginning and all consultancy and service is aimed at increasing quality in our customer\u00b4s operation and to maximize safety. The company has developed quality procedures, with the goal of minimizing risk and ensuring quality and follow-up of customer service requests. The company has been ISO-9001 certified since March 2019.<\/span><\/p>\n<p><span style=\"font-weight: 400;\">Raf\u00f6rninn was acquired by Verk\u00eds, one of the largest civil engineering firms in Iceland, in 2010. Other close collaboration partners include Raf\u00f6rninn\u2019s sister company, <\/span><a href=\"https:\/\/www.imageowl.com\/\" target=\"_blank\" rel=\"noopener\"><span style=\"font-weight: 400;\">Image Owl<\/span><\/a><span style=\"font-weight: 400;\"> and also <\/span><a href=\"https:\/\/www.phantomlab.com\/\" target=\"_blank\" rel=\"noopener\"><span style=\"font-weight: 400;\">The Phantom Laboratory<\/span><\/a><span style=\"font-weight: 400;\">.<\/span>[\/vc_column_text][mk_padding_divider visibility=&#8221;hidden-sm&#8221;][\/vc_column][\/vc_row]\n<\/div>","protected":false},"excerpt":{"rendered":"<p>[vc_row][vc_column][vc_single_image image=&#8221;350&#8243; img_size=&#8221;800&#215;250&#8243;][vc_column_text css=&#8221;.vc_custom_1561633003770{margin-bottom: 0px !important;}&#8221;]Raf\u00f6rninn was founded in 1984 and has from the beginning aimed at providing excellent technical field service and consultancy. Our key customers have been in [&hellip;]<\/p>\n","protected":false},"author":2,"featured_media":0,"parent":0,"menu_order":1,"comment_status":"closed","ping_status":"closed","template":"","meta":{"_EventAllDay":false,"_EventTimezone":"","_EventStartDate":"","_EventEndDate":"","_EventStartDateUTC":"","_EventEndDateUTC":"","_EventShowMap":false,"_EventShowMapLink":false,"_EventURL":"","_EventCost":"","_EventCostDescription":"","_EventCurrencySymbol":"","_EventCurrencyCode":"","_EventCurrencyPosition":"","_EventDateTimeSeparator":"","_EventTimeRangeSeparator":"","_EventOrganizerID":[],"_EventVenueID":[],"_OrganizerEmail":"","_OrganizerPhone":"","_OrganizerWebsite":"","_VenueAddress":"","_VenueCity":"","_VenueCountry":"","_VenueProvince":"","_VenueState":"","_VenueZip":"","_VenuePhone":"","_VenueURL":"","_VenueStateProvince":"","_VenueLat":"","_VenueLng":"","_VenueShowMap":false,"_VenueShowMapLink":false,"footnotes":""},"class_list":["post-366","page","type-page","status-publish","hentry"],"yoast_head":"<!-- This site is optimized with the Yoast SEO plugin v25.7 - https:\/\/yoast.com\/wordpress\/plugins\/seo\/ -->\n<title>About Raf\u00f6rninn - Raf\u00f6rninn ehf<\/title>\n<meta name=\"robots\" content=\"index, follow, max-snippet:-1, max-image-preview:large, max-video-preview:-1\" \/>\n<link rel=\"canonical\" href=\"https:\/\/raforninn.is\/en\/about-raforninn\/\" \/>\n<meta property=\"og:locale\" content=\"en_US\" \/>\n<meta property=\"og:type\" content=\"article\" \/>\n<meta property=\"og:title\" content=\"About Raf\u00f6rninn - Raf\u00f6rninn ehf\" \/>\n<meta property=\"og:description\" content=\"[vc_row][vc_column][vc_single_image image=&#8221;350&#8243; img_size=&#8221;800&#215;250&#8243;][vc_column_text css=&#8221;.vc_custom_1561633003770{margin-bottom: 0px !important;}&#8221;]Raf\u00f6rninn was founded in 1984 and has from the beginning aimed at providing excellent technical field service and consultancy. Our key customers have been in [&hellip;]\" \/>\n<meta property=\"og:url\" content=\"https:\/\/raforninn.is\/en\/about-raforninn\/\" \/>\n<meta property=\"og:site_name\" content=\"Raf\u00f6rninn ehf\" \/>\n<meta property=\"article:modified_time\" content=\"2019-06-27T10:56:45+00:00\" \/>\n<meta name=\"twitter:card\" content=\"summary_large_image\" \/>\n<meta name=\"twitter:label1\" content=\"Est. reading time\" \/>\n\t<meta name=\"twitter:data1\" content=\"1 minute\" \/>\n<script type=\"application\/ld+json\" class=\"yoast-schema-graph\">{\"@context\":\"https:\/\/schema.org\",\"@graph\":[{\"@type\":\"WebPage\",\"@id\":\"https:\/\/raforninn.is\/en\/about-raforninn\/\",\"url\":\"https:\/\/raforninn.is\/en\/about-raforninn\/\",\"name\":\"About Raf\u00f6rninn - Raf\u00f6rninn ehf\",\"isPartOf\":{\"@id\":\"https:\/\/raforninn.is\/en\/#website\"},\"datePublished\":\"2017-03-06T13:26:42+00:00\",\"dateModified\":\"2019-06-27T10:56:45+00:00\",\"breadcrumb\":{\"@id\":\"https:\/\/raforninn.is\/en\/about-raforninn\/#breadcrumb\"},\"inLanguage\":\"en-US\",\"potentialAction\":[{\"@type\":\"ReadAction\",\"target\":[\"https:\/\/raforninn.is\/en\/about-raforninn\/\"]}]},{\"@type\":\"BreadcrumbList\",\"@id\":\"https:\/\/raforninn.is\/en\/about-raforninn\/#breadcrumb\",\"itemListElement\":[{\"@type\":\"ListItem\",\"position\":1,\"name\":\"Home\",\"item\":\"https:\/\/raforninn.is\/en\/\"},{\"@type\":\"ListItem\",\"position\":2,\"name\":\"About Raf\u00f6rninn\"}]},{\"@type\":\"WebSite\",\"@id\":\"https:\/\/raforninn.is\/en\/#website\",\"url\":\"https:\/\/raforninn.is\/en\/\",\"name\":\"Raf\u00f6rninn ehf\",\"description\":\"\",\"potentialAction\":[{\"@type\":\"SearchAction\",\"target\":{\"@type\":\"EntryPoint\",\"urlTemplate\":\"https:\/\/raforninn.is\/en\/?s={search_term_string}\"},\"query-input\":{\"@type\":\"PropertyValueSpecification\",\"valueRequired\":true,\"valueName\":\"search_term_string\"}}],\"inLanguage\":\"en-US\"}]}<\/script>\n<!-- \/ Yoast SEO plugin. -->","yoast_head_json":{"title":"About Raf\u00f6rninn - Raf\u00f6rninn ehf","robots":{"index":"index","follow":"follow","max-snippet":"max-snippet:-1","max-image-preview":"max-image-preview:large","max-video-preview":"max-video-preview:-1"},"canonical":"https:\/\/raforninn.is\/en\/about-raforninn\/","og_locale":"en_US","og_type":"article","og_title":"About Raf\u00f6rninn - Raf\u00f6rninn ehf","og_description":"[vc_row][vc_column][vc_single_image image=&#8221;350&#8243; img_size=&#8221;800&#215;250&#8243;][vc_column_text css=&#8221;.vc_custom_1561633003770{margin-bottom: 0px !important;}&#8221;]Raf\u00f6rninn was founded in 1984 and has from the beginning aimed at providing excellent technical field service and consultancy. Our key customers have been in [&hellip;]","og_url":"https:\/\/raforninn.is\/en\/about-raforninn\/","og_site_name":"Raf\u00f6rninn ehf","article_modified_time":"2019-06-27T10:56:45+00:00","twitter_card":"summary_large_image","twitter_misc":{"Est. reading time":"1 minute"},"schema":{"@context":"https:\/\/schema.org","@graph":[{"@type":"WebPage","@id":"https:\/\/raforninn.is\/en\/about-raforninn\/","url":"https:\/\/raforninn.is\/en\/about-raforninn\/","name":"About Raf\u00f6rninn - Raf\u00f6rninn ehf","isPartOf":{"@id":"https:\/\/raforninn.is\/en\/#website"},"datePublished":"2017-03-06T13:26:42+00:00","dateModified":"2019-06-27T10:56:45+00:00","breadcrumb":{"@id":"https:\/\/raforninn.is\/en\/about-raforninn\/#breadcrumb"},"inLanguage":"en-US","potentialAction":[{"@type":"ReadAction","target":["https:\/\/raforninn.is\/en\/about-raforninn\/"]}]},{"@type":"BreadcrumbList","@id":"https:\/\/raforninn.is\/en\/about-raforninn\/#breadcrumb","itemListElement":[{"@type":"ListItem","position":1,"name":"Home","item":"https:\/\/raforninn.is\/en\/"},{"@type":"ListItem","position":2,"name":"About Raf\u00f6rninn"}]},{"@type":"WebSite","@id":"https:\/\/raforninn.is\/en\/#website","url":"https:\/\/raforninn.is\/en\/","name":"Raf\u00f6rninn ehf","description":"","potentialAction":[{"@type":"SearchAction","target":{"@type":"EntryPoint","urlTemplate":"https:\/\/raforninn.is\/en\/?s={search_term_string}"},"query-input":{"@type":"PropertyValueSpecification","valueRequired":true,"valueName":"search_term_string"}}],"inLanguage":"en-US"}]}},"_links":{"self":[{"href":"https:\/\/raforninn.is\/en\/wp-json\/wp\/v2\/pages\/366","targetHints":{"allow":["GET"]}}],"collection":[{"href":"https:\/\/raforninn.is\/en\/wp-json\/wp\/v2\/pages"}],"about":[{"href":"https:\/\/raforninn.is\/en\/wp-json\/wp\/v2\/types\/page"}],"author":[{"embeddable":true,"href":"https:\/\/raforninn.is\/en\/wp-json\/wp\/v2\/users\/2"}],"replies":[{"embeddable":true,"href":"https:\/\/raforninn.is\/en\/wp-json\/wp\/v2\/comments?post=366"}],"version-history":[{"count":5,"href":"https:\/\/raforninn.is\/en\/wp-json\/wp\/v2\/pages\/366\/revisions"}],"predecessor-version":[{"id":1523,"href":"https:\/\/raforninn.is\/en\/wp-json\/wp\/v2\/pages\/366\/revisions\/1523"}],"wp:attachment":[{"href":"https:\/\/raforninn.is\/en\/wp-json\/wp\/v2\/media?parent=366"}],"curies":[{"name":"wp","href":"https:\/\/api.w.org\/{rel}","templated":true}]}}