{"id":362,"date":"2017-03-06T13:22:59","date_gmt":"2017-03-06T13:22:59","guid":{"rendered":"http:\/\/raforninn.is\/?page_id=362\/"},"modified":"2017-03-06T15:26:02","modified_gmt":"2017-03-06T15:26:02","slug":"contact-us","status":"publish","type":"page","link":"https:\/\/raforninn.is\/en\/contact-us\/","title":{"rendered":"Contact us"},"content":{"rendered":"<div class=\"wpb-content-wrapper\">[vc_row][vc_column][mk_padding_divider size=&#8221;20&#8243; visibility=&#8221;hidden-sm&#8221;][\/vc_column][\/vc_row][vc_row][vc_column width=&#8221;1\/6&#8243;][\/vc_column][vc_column width=&#8221;1\/3&#8243;][vc_column_text]\n<p style=\"text-align: left;\"><span style=\"font-size: 14pt;\"><span style=\"font-weight: 400;\">Office hours:\u00a0<\/span>+354 552 2070<\/span><\/p>\n<p style=\"text-align: left;\"><span style=\"font-size: 14pt;\"><a href=\"mailto:raforninn@raforninn.is\">raforninn@raforninn.is<\/a><\/span><\/p>\n<p style=\"text-align: left;\"><span style=\"font-size: 14pt;\"><span style=\"font-weight: 400;\">Urgent service:<\/span> +354 659 4125<\/span><\/p>\n[\/vc_column_text][\/vc_column][vc_column width=&#8221;1\/3&#8243;][vc_column_text]\n<p style=\"text-align: left;\"><span style=\"font-size: 14pt;\">Raf\u00f6rninn ehf<\/span><br \/>\n<span style=\"font-size: 14pt;\">Su\u00f0urhl\u00ed\u00f0 35<\/span><br \/>\n<span style=\"font-size: 14pt;\">105 Reykjav\u00edk<\/span><br \/>\n<span style=\"font-size: 14pt;\">Kt: 6105841019<\/span><br \/>\n<span style=\"font-size: 14pt;\">Icelandic tax number: 11894<\/span><\/p>\n[\/vc_column_text][\/vc_column][vc_column width=&#8221;1\/6&#8243;][\/vc_column][\/vc_row][vc_row][vc_column][mk_padding_divider visibility=&#8221;hidden-sm&#8221;][\/vc_column][\/vc_row]\n<\/div>","protected":false},"excerpt":{"rendered":"<p>[vc_row][vc_column][mk_padding_divider size=&#8221;20&#8243; visibility=&#8221;hidden-sm&#8221;][\/vc_column][\/vc_row][vc_row][vc_column width=&#8221;1\/6&#8243;][\/vc_column][vc_column width=&#8221;1\/3&#8243;][vc_column_text] Office hours:\u00a0+354 552 2070 raforninn@raforninn.is Urgent service: +354 659 4125 [\/vc_column_text][\/vc_column][vc_column width=&#8221;1\/3&#8243;][vc_column_text] Raf\u00f6rninn ehf Su\u00f0urhl\u00ed\u00f0 35 105 Reykjav\u00edk Kt: 6105841019 Icelandic tax number: 11894 [\/vc_column_text][\/vc_column][vc_column [&hellip;]<\/p>\n","protected":false},"author":2,"featured_media":0,"parent":0,"menu_order":3,"comment_status":"closed","ping_status":"closed","template":"","meta":{"_EventAllDay":false,"_EventTimezone":"","_EventStartDate":"","_EventEndDate":"","_EventStartDateUTC":"","_EventEndDateUTC":"","_EventShowMap":false,"_EventShowMapLink":false,"_EventURL":"","_EventCost":"","_EventCostDescription":"","_EventCurrencySymbol":"","_EventCurrencyCode":"","_EventCurrencyPosition":"","_EventDateTimeSeparator":"","_EventTimeRangeSeparator":"","_EventOrganizerID":[],"_EventVenueID":[],"_OrganizerEmail":"","_OrganizerPhone":"","_OrganizerWebsite":"","_VenueAddress":"","_VenueCity":"","_VenueCountry":"","_VenueProvince":"","_VenueState":"","_VenueZip":"","_VenuePhone":"","_VenueURL":"","_VenueStateProvince":"","_VenueLat":"","_VenueLng":"","_VenueShowMap":false,"_VenueShowMapLink":false,"footnotes":""},"class_list":["post-362","page","type-page","status-publish","hentry"],"yoast_head":"<!-- This site is optimized with the Yoast SEO plugin v25.7 - https:\/\/yoast.com\/wordpress\/plugins\/seo\/ -->\n<title>Contact us - Raf\u00f6rninn ehf<\/title>\n<meta name=\"robots\" content=\"index, follow, max-snippet:-1, max-image-preview:large, max-video-preview:-1\" \/>\n<link rel=\"canonical\" href=\"https:\/\/raforninn.is\/en\/contact-us\/\" \/>\n<meta property=\"og:locale\" content=\"en_US\" \/>\n<meta property=\"og:type\" content=\"article\" \/>\n<meta property=\"og:title\" content=\"Contact us - Raf\u00f6rninn ehf\" \/>\n<meta property=\"og:description\" content=\"[vc_row][vc_column][mk_padding_divider size=&#8221;20&#8243; visibility=&#8221;hidden-sm&#8221;][\/vc_column][\/vc_row][vc_row][vc_column width=&#8221;1\/6&#8243;][\/vc_column][vc_column width=&#8221;1\/3&#8243;][vc_column_text] Office hours:\u00a0+354 552 2070 raforninn@raforninn.is Urgent service: +354 659 4125 [\/vc_column_text][\/vc_column][vc_column width=&#8221;1\/3&#8243;][vc_column_text] Raf\u00f6rninn ehf Su\u00f0urhl\u00ed\u00f0 35 105 Reykjav\u00edk Kt: 6105841019 Icelandic tax number: 11894 [\/vc_column_text][\/vc_column][vc_column [&hellip;]\" \/>\n<meta property=\"og:url\" content=\"https:\/\/raforninn.is\/en\/contact-us\/\" \/>\n<meta property=\"og:site_name\" content=\"Raf\u00f6rninn ehf\" \/>\n<meta property=\"article:modified_time\" content=\"2017-03-06T15:26:02+00:00\" \/>\n<meta name=\"twitter:card\" content=\"summary_large_image\" \/>\n<script type=\"application\/ld+json\" class=\"yoast-schema-graph\">{\"@context\":\"https:\/\/schema.org\",\"@graph\":[{\"@type\":\"WebPage\",\"@id\":\"https:\/\/raforninn.is\/en\/contact-us\/\",\"url\":\"https:\/\/raforninn.is\/en\/contact-us\/\",\"name\":\"Contact us - Raf\u00f6rninn ehf\",\"isPartOf\":{\"@id\":\"https:\/\/raforninn.is\/en\/#website\"},\"datePublished\":\"2017-03-06T13:22:59+00:00\",\"dateModified\":\"2017-03-06T15:26:02+00:00\",\"breadcrumb\":{\"@id\":\"https:\/\/raforninn.is\/en\/contact-us\/#breadcrumb\"},\"inLanguage\":\"en-US\",\"potentialAction\":[{\"@type\":\"ReadAction\",\"target\":[\"https:\/\/raforninn.is\/en\/contact-us\/\"]}]},{\"@type\":\"BreadcrumbList\",\"@id\":\"https:\/\/raforninn.is\/en\/contact-us\/#breadcrumb\",\"itemListElement\":[{\"@type\":\"ListItem\",\"position\":1,\"name\":\"Home\",\"item\":\"https:\/\/raforninn.is\/en\/\"},{\"@type\":\"ListItem\",\"position\":2,\"name\":\"Contact us\"}]},{\"@type\":\"WebSite\",\"@id\":\"https:\/\/raforninn.is\/en\/#website\",\"url\":\"https:\/\/raforninn.is\/en\/\",\"name\":\"Raf\u00f6rninn ehf\",\"description\":\"\",\"potentialAction\":[{\"@type\":\"SearchAction\",\"target\":{\"@type\":\"EntryPoint\",\"urlTemplate\":\"https:\/\/raforninn.is\/en\/?s={search_term_string}\"},\"query-input\":{\"@type\":\"PropertyValueSpecification\",\"valueRequired\":true,\"valueName\":\"search_term_string\"}}],\"inLanguage\":\"en-US\"}]}<\/script>\n<!-- \/ Yoast SEO plugin. -->","yoast_head_json":{"title":"Contact us - Raf\u00f6rninn ehf","robots":{"index":"index","follow":"follow","max-snippet":"max-snippet:-1","max-image-preview":"max-image-preview:large","max-video-preview":"max-video-preview:-1"},"canonical":"https:\/\/raforninn.is\/en\/contact-us\/","og_locale":"en_US","og_type":"article","og_title":"Contact us - Raf\u00f6rninn ehf","og_description":"[vc_row][vc_column][mk_padding_divider size=&#8221;20&#8243; visibility=&#8221;hidden-sm&#8221;][\/vc_column][\/vc_row][vc_row][vc_column width=&#8221;1\/6&#8243;][\/vc_column][vc_column width=&#8221;1\/3&#8243;][vc_column_text] Office hours:\u00a0+354 552 2070 raforninn@raforninn.is Urgent service: +354 659 4125 [\/vc_column_text][\/vc_column][vc_column width=&#8221;1\/3&#8243;][vc_column_text] Raf\u00f6rninn ehf Su\u00f0urhl\u00ed\u00f0 35 105 Reykjav\u00edk Kt: 6105841019 Icelandic tax number: 11894 [\/vc_column_text][\/vc_column][vc_column [&hellip;]","og_url":"https:\/\/raforninn.is\/en\/contact-us\/","og_site_name":"Raf\u00f6rninn ehf","article_modified_time":"2017-03-06T15:26:02+00:00","twitter_card":"summary_large_image","schema":{"@context":"https:\/\/schema.org","@graph":[{"@type":"WebPage","@id":"https:\/\/raforninn.is\/en\/contact-us\/","url":"https:\/\/raforninn.is\/en\/contact-us\/","name":"Contact us - Raf\u00f6rninn ehf","isPartOf":{"@id":"https:\/\/raforninn.is\/en\/#website"},"datePublished":"2017-03-06T13:22:59+00:00","dateModified":"2017-03-06T15:26:02+00:00","breadcrumb":{"@id":"https:\/\/raforninn.is\/en\/contact-us\/#breadcrumb"},"inLanguage":"en-US","potentialAction":[{"@type":"ReadAction","target":["https:\/\/raforninn.is\/en\/contact-us\/"]}]},{"@type":"BreadcrumbList","@id":"https:\/\/raforninn.is\/en\/contact-us\/#breadcrumb","itemListElement":[{"@type":"ListItem","position":1,"name":"Home","item":"https:\/\/raforninn.is\/en\/"},{"@type":"ListItem","position":2,"name":"Contact us"}]},{"@type":"WebSite","@id":"https:\/\/raforninn.is\/en\/#website","url":"https:\/\/raforninn.is\/en\/","name":"Raf\u00f6rninn ehf","description":"","potentialAction":[{"@type":"SearchAction","target":{"@type":"EntryPoint","urlTemplate":"https:\/\/raforninn.is\/en\/?s={search_term_string}"},"query-input":{"@type":"PropertyValueSpecification","valueRequired":true,"valueName":"search_term_string"}}],"inLanguage":"en-US"}]}},"_links":{"self":[{"href":"https:\/\/raforninn.is\/en\/wp-json\/wp\/v2\/pages\/362","targetHints":{"allow":["GET"]}}],"collection":[{"href":"https:\/\/raforninn.is\/en\/wp-json\/wp\/v2\/pages"}],"about":[{"href":"https:\/\/raforninn.is\/en\/wp-json\/wp\/v2\/types\/page"}],"author":[{"embeddable":true,"href":"https:\/\/raforninn.is\/en\/wp-json\/wp\/v2\/users\/2"}],"replies":[{"embeddable":true,"href":"https:\/\/raforninn.is\/en\/wp-json\/wp\/v2\/comments?post=362"}],"version-history":[{"count":3,"href":"https:\/\/raforninn.is\/en\/wp-json\/wp\/v2\/pages\/362\/revisions"}],"predecessor-version":[{"id":434,"href":"https:\/\/raforninn.is\/en\/wp-json\/wp\/v2\/pages\/362\/revisions\/434"}],"wp:attachment":[{"href":"https:\/\/raforninn.is\/en\/wp-json\/wp\/v2\/media?parent=362"}],"curies":[{"name":"wp","href":"https:\/\/api.w.org\/{rel}","templated":true}]}}