{"id":360,"date":"2017-03-06T13:21:21","date_gmt":"2017-03-06T13:21:21","guid":{"rendered":"http:\/\/raforninn.is\/?page_id=360\/"},"modified":"2017-03-07T13:36:25","modified_gmt":"2017-03-07T13:36:25","slug":"for-customers","status":"publish","type":"page","link":"https:\/\/raforninn.is\/en\/for-customers\/","title":{"rendered":"For customers"},"content":{"rendered":"<div class=\"wpb-content-wrapper\">[mk_page_section sidebar=&#8221;sidebar-1&#8243;][vc_column css=&#8221;.vc_custom_1485441309079{padding-right: 30px !important;padding-left: 30px !important;}&#8221;][mk_padding_divider][vc_row_inner][vc_column_inner width=&#8221;1\/2&#8243; css=&#8221;.vc_custom_1485441193019{padding-right: 30px !important;padding-left: 30px !important;}&#8221;][vc_column_text]\n<h3>Our Services<\/h3>\n[\/vc_column_text][vc_column_text]Customer login to the services we provide.[\/vc_column_text][\/vc_column_inner][vc_column_inner width=&#8221;1\/2&#8243; css=&#8221;.vc_custom_1485441200639{padding-right: 30px !important;padding-left: 30px !important;}&#8221;][vc_column_text]<span style=\"font-size: 14pt;\"><a href=\"http:\/\/service.raforninn.is\" target=\"_blank\">MAINTAIN PRO<\/a><\/span><\/p>\n<p><span style=\"font-size: 14pt;\"><a href=\"http:\/\/visir.raforninn.is\/\" target=\"_blank\">G\u00c6\u00d0AV\u00cdSIR<\/a><\/span><\/p>\n<p><span style=\"font-size: 14pt;\"><a href=\"http:\/\/qcc.raforninn.is\" target=\"_blank\">QCC<\/a><\/span><\/p>\n<p><span style=\"font-size: 14pt;\"><a href=\"http:\/\/hjalp.raforninn.is\" target=\"_blank\">A\u00d0STO\u00d0<\/a><\/span><\/p>\n<p><span style=\"font-size: 14pt;\"><a href=\"http:\/\/vaktari.raforninn.is:10080\/zabbix\/\" target=\"_blank\">VAKTARI<\/a><\/span><\/p>\n<p><span style=\"font-size: 14pt;\"><a href=\"http:\/\/tqa.imageowl.com\" target=\"_blank\">TQA<\/a><\/span>[\/vc_column_text][\/vc_column_inner][\/vc_row_inner][mk_padding_divider][\/vc_column][\/mk_page_section]\n<\/div>","protected":false},"excerpt":{"rendered":"<p>[mk_page_section sidebar=&#8221;sidebar-1&#8243;][vc_column css=&#8221;.vc_custom_1485441309079{padding-right: 30px !important;padding-left: 30px !important;}&#8221;][mk_padding_divider][vc_row_inner][vc_column_inner width=&#8221;1\/2&#8243; css=&#8221;.vc_custom_1485441193019{padding-right: 30px !important;padding-left: 30px !important;}&#8221;][vc_column_text] Our Services [\/vc_column_text][vc_column_text]Customer login to the services we provide.[\/vc_column_text][\/vc_column_inner][vc_column_inner width=&#8221;1\/2&#8243; css=&#8221;.vc_custom_1485441200639{padding-right: 30px !important;padding-left: 30px !important;}&#8221;][vc_column_text]MAINTAIN PRO G\u00c6\u00d0AV\u00cdSIR [&hellip;]<\/p>\n","protected":false},"author":2,"featured_media":0,"parent":0,"menu_order":0,"comment_status":"closed","ping_status":"closed","template":"","meta":{"_EventAllDay":false,"_EventTimezone":"","_EventStartDate":"","_EventEndDate":"","_EventStartDateUTC":"","_EventEndDateUTC":"","_EventShowMap":false,"_EventShowMapLink":false,"_EventURL":"","_EventCost":"","_EventCostDescription":"","_EventCurrencySymbol":"","_EventCurrencyCode":"","_EventCurrencyPosition":"","_EventDateTimeSeparator":"","_EventTimeRangeSeparator":"","_EventOrganizerID":[],"_EventVenueID":[],"_OrganizerEmail":"","_OrganizerPhone":"","_OrganizerWebsite":"","_VenueAddress":"","_VenueCity":"","_VenueCountry":"","_VenueProvince":"","_VenueState":"","_VenueZip":"","_VenuePhone":"","_VenueURL":"","_VenueStateProvince":"","_VenueLat":"","_VenueLng":"","_VenueShowMap":false,"_VenueShowMapLink":false,"footnotes":""},"class_list":["post-360","page","type-page","status-publish","hentry"],"yoast_head":"<!-- This site is optimized with the Yoast SEO plugin v25.7 - https:\/\/yoast.com\/wordpress\/plugins\/seo\/ -->\n<title>For customers - Raf\u00f6rninn ehf<\/title>\n<meta name=\"robots\" content=\"index, follow, max-snippet:-1, max-image-preview:large, max-video-preview:-1\" \/>\n<link rel=\"canonical\" href=\"https:\/\/raforninn.is\/en\/for-customers\/\" \/>\n<meta property=\"og:locale\" content=\"en_US\" \/>\n<meta property=\"og:type\" content=\"article\" \/>\n<meta property=\"og:title\" content=\"For customers - Raf\u00f6rninn ehf\" \/>\n<meta property=\"og:description\" content=\"[mk_page_section sidebar=&#8221;sidebar-1&#8243;][vc_column css=&#8221;.vc_custom_1485441309079{padding-right: 30px !important;padding-left: 30px !important;}&#8221;][mk_padding_divider][vc_row_inner][vc_column_inner width=&#8221;1\/2&#8243; css=&#8221;.vc_custom_1485441193019{padding-right: 30px !important;padding-left: 30px !important;}&#8221;][vc_column_text] Our Services [\/vc_column_text][vc_column_text]Customer login to the services we provide.[\/vc_column_text][\/vc_column_inner][vc_column_inner width=&#8221;1\/2&#8243; css=&#8221;.vc_custom_1485441200639{padding-right: 30px !important;padding-left: 30px !important;}&#8221;][vc_column_text]MAINTAIN PRO G\u00c6\u00d0AV\u00cdSIR [&hellip;]\" \/>\n<meta property=\"og:url\" content=\"https:\/\/raforninn.is\/en\/for-customers\/\" \/>\n<meta property=\"og:site_name\" content=\"Raf\u00f6rninn ehf\" \/>\n<meta property=\"article:modified_time\" content=\"2017-03-07T13:36:25+00:00\" \/>\n<meta name=\"twitter:card\" content=\"summary_large_image\" \/>\n<meta name=\"twitter:label1\" content=\"Est. reading time\" \/>\n\t<meta name=\"twitter:data1\" content=\"1 minute\" \/>\n<script type=\"application\/ld+json\" class=\"yoast-schema-graph\">{\"@context\":\"https:\/\/schema.org\",\"@graph\":[{\"@type\":\"WebPage\",\"@id\":\"https:\/\/raforninn.is\/en\/for-customers\/\",\"url\":\"https:\/\/raforninn.is\/en\/for-customers\/\",\"name\":\"For customers - Raf\u00f6rninn ehf\",\"isPartOf\":{\"@id\":\"https:\/\/raforninn.is\/en\/#website\"},\"datePublished\":\"2017-03-06T13:21:21+00:00\",\"dateModified\":\"2017-03-07T13:36:25+00:00\",\"breadcrumb\":{\"@id\":\"https:\/\/raforninn.is\/en\/for-customers\/#breadcrumb\"},\"inLanguage\":\"en-US\",\"potentialAction\":[{\"@type\":\"ReadAction\",\"target\":[\"https:\/\/raforninn.is\/en\/for-customers\/\"]}]},{\"@type\":\"BreadcrumbList\",\"@id\":\"https:\/\/raforninn.is\/en\/for-customers\/#breadcrumb\",\"itemListElement\":[{\"@type\":\"ListItem\",\"position\":1,\"name\":\"Home\",\"item\":\"https:\/\/raforninn.is\/en\/\"},{\"@type\":\"ListItem\",\"position\":2,\"name\":\"For customers\"}]},{\"@type\":\"WebSite\",\"@id\":\"https:\/\/raforninn.is\/en\/#website\",\"url\":\"https:\/\/raforninn.is\/en\/\",\"name\":\"Raf\u00f6rninn ehf\",\"description\":\"\",\"potentialAction\":[{\"@type\":\"SearchAction\",\"target\":{\"@type\":\"EntryPoint\",\"urlTemplate\":\"https:\/\/raforninn.is\/en\/?s={search_term_string}\"},\"query-input\":{\"@type\":\"PropertyValueSpecification\",\"valueRequired\":true,\"valueName\":\"search_term_string\"}}],\"inLanguage\":\"en-US\"}]}<\/script>\n<!-- \/ Yoast SEO plugin. -->","yoast_head_json":{"title":"For customers - Raf\u00f6rninn ehf","robots":{"index":"index","follow":"follow","max-snippet":"max-snippet:-1","max-image-preview":"max-image-preview:large","max-video-preview":"max-video-preview:-1"},"canonical":"https:\/\/raforninn.is\/en\/for-customers\/","og_locale":"en_US","og_type":"article","og_title":"For customers - Raf\u00f6rninn ehf","og_description":"[mk_page_section sidebar=&#8221;sidebar-1&#8243;][vc_column css=&#8221;.vc_custom_1485441309079{padding-right: 30px !important;padding-left: 30px !important;}&#8221;][mk_padding_divider][vc_row_inner][vc_column_inner width=&#8221;1\/2&#8243; css=&#8221;.vc_custom_1485441193019{padding-right: 30px !important;padding-left: 30px !important;}&#8221;][vc_column_text] Our Services [\/vc_column_text][vc_column_text]Customer login to the services we provide.[\/vc_column_text][\/vc_column_inner][vc_column_inner width=&#8221;1\/2&#8243; css=&#8221;.vc_custom_1485441200639{padding-right: 30px !important;padding-left: 30px !important;}&#8221;][vc_column_text]MAINTAIN PRO G\u00c6\u00d0AV\u00cdSIR [&hellip;]","og_url":"https:\/\/raforninn.is\/en\/for-customers\/","og_site_name":"Raf\u00f6rninn ehf","article_modified_time":"2017-03-07T13:36:25+00:00","twitter_card":"summary_large_image","twitter_misc":{"Est. reading time":"1 minute"},"schema":{"@context":"https:\/\/schema.org","@graph":[{"@type":"WebPage","@id":"https:\/\/raforninn.is\/en\/for-customers\/","url":"https:\/\/raforninn.is\/en\/for-customers\/","name":"For customers - Raf\u00f6rninn ehf","isPartOf":{"@id":"https:\/\/raforninn.is\/en\/#website"},"datePublished":"2017-03-06T13:21:21+00:00","dateModified":"2017-03-07T13:36:25+00:00","breadcrumb":{"@id":"https:\/\/raforninn.is\/en\/for-customers\/#breadcrumb"},"inLanguage":"en-US","potentialAction":[{"@type":"ReadAction","target":["https:\/\/raforninn.is\/en\/for-customers\/"]}]},{"@type":"BreadcrumbList","@id":"https:\/\/raforninn.is\/en\/for-customers\/#breadcrumb","itemListElement":[{"@type":"ListItem","position":1,"name":"Home","item":"https:\/\/raforninn.is\/en\/"},{"@type":"ListItem","position":2,"name":"For customers"}]},{"@type":"WebSite","@id":"https:\/\/raforninn.is\/en\/#website","url":"https:\/\/raforninn.is\/en\/","name":"Raf\u00f6rninn ehf","description":"","potentialAction":[{"@type":"SearchAction","target":{"@type":"EntryPoint","urlTemplate":"https:\/\/raforninn.is\/en\/?s={search_term_string}"},"query-input":{"@type":"PropertyValueSpecification","valueRequired":true,"valueName":"search_term_string"}}],"inLanguage":"en-US"}]}},"_links":{"self":[{"href":"https:\/\/raforninn.is\/en\/wp-json\/wp\/v2\/pages\/360","targetHints":{"allow":["GET"]}}],"collection":[{"href":"https:\/\/raforninn.is\/en\/wp-json\/wp\/v2\/pages"}],"about":[{"href":"https:\/\/raforninn.is\/en\/wp-json\/wp\/v2\/types\/page"}],"author":[{"embeddable":true,"href":"https:\/\/raforninn.is\/en\/wp-json\/wp\/v2\/users\/2"}],"replies":[{"embeddable":true,"href":"https:\/\/raforninn.is\/en\/wp-json\/wp\/v2\/comments?post=360"}],"version-history":[{"count":3,"href":"https:\/\/raforninn.is\/en\/wp-json\/wp\/v2\/pages\/360\/revisions"}],"predecessor-version":[{"id":438,"href":"https:\/\/raforninn.is\/en\/wp-json\/wp\/v2\/pages\/360\/revisions\/438"}],"wp:attachment":[{"href":"https:\/\/raforninn.is\/en\/wp-json\/wp\/v2\/media?parent=360"}],"curies":[{"name":"wp","href":"https:\/\/api.w.org\/{rel}","templated":true}]}}